{"id":37,"date":"2022-10-25T14:03:13","date_gmt":"2022-10-25T12:03:13","guid":{"rendered":"https:\/\/lrss.ch\/my-account\/"},"modified":"2023-03-30T14:39:20","modified_gmt":"2023-03-30T12:39:20","slug":"my-account","status":"publish","type":"page","link":"https:\/\/lrss.ch\/en\/my-account\/","title":{"rendered":"My account"},"content":{"rendered":"<div class=\"wpb-content-wrapper\"><p>[vc_row css_animation=&#8221;&#8221; row_type=&#8221;row&#8221; use_row_as_full_screen_section=&#8221;no&#8221; type=&#8221;grid&#8221; angled_section=&#8221;no&#8221; text_align=&#8221;left&#8221; background_image_as_pattern=&#8221;without_pattern&#8221; z_index=&#8221;&#8221;][vc_column][vc_column_text]<\/p>\n<h1 style=\"text-align: center;\">My account<\/h1>\n<p>[\/vc_column_text][\/vc_column][\/vc_row][vc_row css_animation=&#8221;&#8221; row_type=&#8221;row&#8221; use_row_as_full_screen_section=&#8221;no&#8221; type=&#8221;grid&#8221; angled_section=&#8221;no&#8221; text_align=&#8221;left&#8221; background_image_as_pattern=&#8221;without_pattern&#8221; z_index=&#8221;&#8221;][vc_column][vc_column_text]<\/p>\n<div class=\"woocommerce\"><\/div>\n<p>\n<p>[\/vc_column_text][\/vc_column][\/vc_row][vc_row css_animation=&#8221;&#8221; row_type=&#8221;row&#8221; use_row_as_full_screen_section=&#8221;no&#8221; type=&#8221;full_width&#8221; angled_section=&#8221;no&#8221; text_align=&#8221;left&#8221; background_image_as_pattern=&#8221;without_pattern&#8221;][vc_column njt-role=&#8221;not-logged-in&#8221;][vc_column_text]<\/p>\n<p style=\"text-align: center;\">Become a member<\/p>\n<p>[\/vc_column_text][\/vc_column][\/vc_row]<\/p>\n<\/div>","protected":false},"excerpt":{"rendered":"<p>[vc_row css_animation=&#8221;&#8221; row_type=&#8221;row&#8221; use_row_as_full_screen_section=&#8221;no&#8221; type=&#8221;grid&#8221; angled_section=&#8221;no&#8221; text_align=&#8221;left&#8221; background_image_as_pattern=&#8221;without_pattern&#8221; z_index=&#8221;&#8221;][vc_column][vc_column_text] My account [\/vc_column_text][\/vc_column][\/vc_row][vc_row css_animation=&#8221;&#8221; row_type=&#8221;row&#8221; use_row_as_full_screen_section=&#8221;no&#8221; type=&#8221;grid&#8221; angled_section=&#8221;no&#8221; text_align=&#8221;left&#8221; background_image_as_pattern=&#8221;without_pattern&#8221; z_index=&#8221;&#8221;][vc_column][vc_column_text] [\/vc_column_text][\/vc_column][\/vc_row][vc_row css_animation=&#8221;&#8221; row_type=&#8221;row&#8221; use_row_as_full_screen_section=&#8221;no&#8221; type=&#8221;full_width&#8221; angled_section=&#8221;no&#8221; text_align=&#8221;left&#8221; background_image_as_pattern=&#8221;without_pattern&#8221;][vc_column njt-role=&#8221;not-logged-in&#8221;][vc_column_text] Become a member [\/vc_column_text][\/vc_column][\/vc_row]<\/p>\n","protected":false},"author":1,"featured_media":558,"parent":0,"menu_order":7,"comment_status":"closed","ping_status":"closed","template":"full_width.php","meta":{"_acf_changed":false,"footnotes":""},"class_list":["post-37","page","type-page","status-publish","has-post-thumbnail","hentry"],"acf":[],"yoast_head":"<!-- This site is optimized with the Yoast SEO plugin v27.4 - https:\/\/yoast.com\/product\/yoast-seo-wordpress\/ -->\n<title>My account | Le R\u00e9seau Sant\u00e9 &amp; Sport<\/title>\n<meta name=\"robots\" content=\"index, follow, max-snippet:-1, max-image-preview:large, max-video-preview:-1\" \/>\n<link rel=\"canonical\" href=\"https:\/\/lrss.ch\/en\/my-account\/\" \/>\n<meta property=\"og:locale\" content=\"en_US\" \/>\n<meta property=\"og:type\" content=\"article\" \/>\n<meta property=\"og:title\" content=\"My account | Le R\u00e9seau Sant\u00e9 &amp; Sport\" \/>\n<meta property=\"og:description\" content=\"[vc_row css_animation=&#8221;&#8221; row_type=&#8221;row&#8221; use_row_as_full_screen_section=&#8221;no&#8221; type=&#8221;grid&#8221; angled_section=&#8221;no&#8221; text_align=&#8221;left&#8221; background_image_as_pattern=&#8221;without_pattern&#8221; z_index=&#8221;&#8221;][vc_column][vc_column_text] My account [\/vc_column_text][\/vc_column][\/vc_row][vc_row css_animation=&#8221;&#8221; row_type=&#8221;row&#8221; use_row_as_full_screen_section=&#8221;no&#8221; type=&#8221;grid&#8221; angled_section=&#8221;no&#8221; text_align=&#8221;left&#8221; background_image_as_pattern=&#8221;without_pattern&#8221; z_index=&#8221;&#8221;][vc_column][vc_column_text] [\/vc_column_text][\/vc_column][\/vc_row][vc_row css_animation=&#8221;&#8221; row_type=&#8221;row&#8221; use_row_as_full_screen_section=&#8221;no&#8221; type=&#8221;full_width&#8221; angled_section=&#8221;no&#8221; text_align=&#8221;left&#8221; background_image_as_pattern=&#8221;without_pattern&#8221;][vc_column njt-role=&#8221;not-logged-in&#8221;][vc_column_text] Become a member [\/vc_column_text][\/vc_column][\/vc_row]\" \/>\n<meta property=\"og:url\" content=\"https:\/\/lrss.ch\/en\/my-account\/\" \/>\n<meta property=\"og:site_name\" content=\"Le R\u00e9seau Sant\u00e9 &amp; Sport\" \/>\n<meta property=\"article:modified_time\" content=\"2023-03-30T12:39:20+00:00\" \/>\n<meta property=\"og:image\" content=\"https:\/\/lrss.ch\/wp-content\/uploads\/2023\/01\/Etudiants-e1674558207185.webp\" \/>\n\t<meta property=\"og:image:width\" content=\"2048\" \/>\n\t<meta property=\"og:image:height\" content=\"1366\" \/>\n\t<meta property=\"og:image:type\" content=\"image\/webp\" \/>\n<meta name=\"twitter:card\" content=\"summary_large_image\" \/>\n<meta name=\"twitter:site\" content=\"@RRMESport\" \/>\n<meta name=\"twitter:label1\" content=\"Est. reading time\" \/>\n\t<meta name=\"twitter:data1\" content=\"1 minute\" \/>\n<script type=\"application\/ld+json\" class=\"yoast-schema-graph\">{\"@context\":\"https:\\\/\\\/schema.org\",\"@graph\":[{\"@type\":\"WebPage\",\"@id\":\"https:\\\/\\\/lrss.ch\\\/en\\\/my-account\\\/\",\"url\":\"https:\\\/\\\/lrss.ch\\\/en\\\/my-account\\\/\",\"name\":\"My account | Le R\u00e9seau Sant\u00e9 &amp; Sport\",\"isPartOf\":{\"@id\":\"https:\\\/\\\/lrss.ch\\\/en\\\/#website\"},\"primaryImageOfPage\":{\"@id\":\"https:\\\/\\\/lrss.ch\\\/en\\\/my-account\\\/#primaryimage\"},\"image\":{\"@id\":\"https:\\\/\\\/lrss.ch\\\/en\\\/my-account\\\/#primaryimage\"},\"thumbnailUrl\":\"https:\\\/\\\/lrss.ch\\\/wp-content\\\/uploads\\\/2023\\\/01\\\/Etudiants-e1674558207185.webp\",\"datePublished\":\"2022-10-25T12:03:13+00:00\",\"dateModified\":\"2023-03-30T12:39:20+00:00\",\"breadcrumb\":{\"@id\":\"https:\\\/\\\/lrss.ch\\\/en\\\/my-account\\\/#breadcrumb\"},\"inLanguage\":\"en-US\",\"potentialAction\":[{\"@type\":\"ReadAction\",\"target\":[\"https:\\\/\\\/lrss.ch\\\/en\\\/my-account\\\/\"]}]},{\"@type\":\"ImageObject\",\"inLanguage\":\"en-US\",\"@id\":\"https:\\\/\\\/lrss.ch\\\/en\\\/my-account\\\/#primaryimage\",\"url\":\"https:\\\/\\\/lrss.ch\\\/wp-content\\\/uploads\\\/2023\\\/01\\\/Etudiants-e1674558207185.webp\",\"contentUrl\":\"https:\\\/\\\/lrss.ch\\\/wp-content\\\/uploads\\\/2023\\\/01\\\/Etudiants-e1674558207185.webp\",\"width\":2048,\"height\":1366},{\"@type\":\"BreadcrumbList\",\"@id\":\"https:\\\/\\\/lrss.ch\\\/en\\\/my-account\\\/#breadcrumb\",\"itemListElement\":[{\"@type\":\"ListItem\",\"position\":1,\"name\":\"Accueil\",\"item\":\"https:\\\/\\\/lrss.ch\\\/en\\\/the-health-and-sport-network\\\/\"},{\"@type\":\"ListItem\",\"position\":2,\"name\":\"My account\"}]},{\"@type\":\"WebSite\",\"@id\":\"https:\\\/\\\/lrss.ch\\\/en\\\/#website\",\"url\":\"https:\\\/\\\/lrss.ch\\\/en\\\/\",\"name\":\"Le R\u00e9seau Sant\u00e9 & Sport\",\"description\":\"Du Mouvement \u00e0 la Performance\",\"publisher\":{\"@id\":\"https:\\\/\\\/lrss.ch\\\/en\\\/#organization\"},\"alternateName\":\"LRSS\",\"potentialAction\":[{\"@type\":\"SearchAction\",\"target\":{\"@type\":\"EntryPoint\",\"urlTemplate\":\"https:\\\/\\\/lrss.ch\\\/en\\\/?s={search_term_string}\"},\"query-input\":{\"@type\":\"PropertyValueSpecification\",\"valueRequired\":true,\"valueName\":\"search_term_string\"}}],\"inLanguage\":\"en-US\"},{\"@type\":\"Organization\",\"@id\":\"https:\\\/\\\/lrss.ch\\\/en\\\/#organization\",\"name\":\"Le R\u00e9seau Sant\u00e9 & Sport\",\"alternateName\":\"LRSS\",\"url\":\"https:\\\/\\\/lrss.ch\\\/en\\\/\",\"logo\":{\"@type\":\"ImageObject\",\"inLanguage\":\"en-US\",\"@id\":\"https:\\\/\\\/lrss.ch\\\/en\\\/#\\\/schema\\\/logo\\\/image\\\/\",\"url\":\"https:\\\/\\\/lrss.ch\\\/wp-content\\\/uploads\\\/2022\\\/10\\\/Logo_LeReseau_Tagline.svg\",\"contentUrl\":\"https:\\\/\\\/lrss.ch\\\/wp-content\\\/uploads\\\/2022\\\/10\\\/Logo_LeReseau_Tagline.svg\",\"width\":895,\"height\":272,\"caption\":\"Le R\u00e9seau Sant\u00e9 & Sport\"},\"image\":{\"@id\":\"https:\\\/\\\/lrss.ch\\\/en\\\/#\\\/schema\\\/logo\\\/image\\\/\"},\"sameAs\":[\"https:\\\/\\\/x.com\\\/RRMESport\",\"https:\\\/\\\/www.instagram.com\\\/lereseau_ch\\\/\"]}]}<\/script>\n<!-- \/ Yoast SEO plugin. -->","yoast_head_json":{"title":"My account | Le R\u00e9seau Sant\u00e9 &amp; Sport","robots":{"index":"index","follow":"follow","max-snippet":"max-snippet:-1","max-image-preview":"max-image-preview:large","max-video-preview":"max-video-preview:-1"},"canonical":"https:\/\/lrss.ch\/en\/my-account\/","og_locale":"en_US","og_type":"article","og_title":"My account | Le R\u00e9seau Sant\u00e9 &amp; Sport","og_description":"[vc_row css_animation=&#8221;&#8221; row_type=&#8221;row&#8221; use_row_as_full_screen_section=&#8221;no&#8221; type=&#8221;grid&#8221; angled_section=&#8221;no&#8221; text_align=&#8221;left&#8221; background_image_as_pattern=&#8221;without_pattern&#8221; z_index=&#8221;&#8221;][vc_column][vc_column_text] My account [\/vc_column_text][\/vc_column][\/vc_row][vc_row css_animation=&#8221;&#8221; row_type=&#8221;row&#8221; use_row_as_full_screen_section=&#8221;no&#8221; type=&#8221;grid&#8221; angled_section=&#8221;no&#8221; text_align=&#8221;left&#8221; background_image_as_pattern=&#8221;without_pattern&#8221; z_index=&#8221;&#8221;][vc_column][vc_column_text] [\/vc_column_text][\/vc_column][\/vc_row][vc_row css_animation=&#8221;&#8221; row_type=&#8221;row&#8221; use_row_as_full_screen_section=&#8221;no&#8221; type=&#8221;full_width&#8221; angled_section=&#8221;no&#8221; text_align=&#8221;left&#8221; background_image_as_pattern=&#8221;without_pattern&#8221;][vc_column njt-role=&#8221;not-logged-in&#8221;][vc_column_text] Become a member [\/vc_column_text][\/vc_column][\/vc_row]","og_url":"https:\/\/lrss.ch\/en\/my-account\/","og_site_name":"Le R\u00e9seau Sant\u00e9 &amp; Sport","article_modified_time":"2023-03-30T12:39:20+00:00","og_image":[{"width":2048,"height":1366,"url":"https:\/\/lrss.ch\/wp-content\/uploads\/2023\/01\/Etudiants-e1674558207185.webp","type":"image\/webp"}],"twitter_card":"summary_large_image","twitter_site":"@RRMESport","twitter_misc":{"Est. reading time":"1 minute"},"schema":{"@context":"https:\/\/schema.org","@graph":[{"@type":"WebPage","@id":"https:\/\/lrss.ch\/en\/my-account\/","url":"https:\/\/lrss.ch\/en\/my-account\/","name":"My account | Le R\u00e9seau Sant\u00e9 &amp; Sport","isPartOf":{"@id":"https:\/\/lrss.ch\/en\/#website"},"primaryImageOfPage":{"@id":"https:\/\/lrss.ch\/en\/my-account\/#primaryimage"},"image":{"@id":"https:\/\/lrss.ch\/en\/my-account\/#primaryimage"},"thumbnailUrl":"https:\/\/lrss.ch\/wp-content\/uploads\/2023\/01\/Etudiants-e1674558207185.webp","datePublished":"2022-10-25T12:03:13+00:00","dateModified":"2023-03-30T12:39:20+00:00","breadcrumb":{"@id":"https:\/\/lrss.ch\/en\/my-account\/#breadcrumb"},"inLanguage":"en-US","potentialAction":[{"@type":"ReadAction","target":["https:\/\/lrss.ch\/en\/my-account\/"]}]},{"@type":"ImageObject","inLanguage":"en-US","@id":"https:\/\/lrss.ch\/en\/my-account\/#primaryimage","url":"https:\/\/lrss.ch\/wp-content\/uploads\/2023\/01\/Etudiants-e1674558207185.webp","contentUrl":"https:\/\/lrss.ch\/wp-content\/uploads\/2023\/01\/Etudiants-e1674558207185.webp","width":2048,"height":1366},{"@type":"BreadcrumbList","@id":"https:\/\/lrss.ch\/en\/my-account\/#breadcrumb","itemListElement":[{"@type":"ListItem","position":1,"name":"Accueil","item":"https:\/\/lrss.ch\/en\/the-health-and-sport-network\/"},{"@type":"ListItem","position":2,"name":"My account"}]},{"@type":"WebSite","@id":"https:\/\/lrss.ch\/en\/#website","url":"https:\/\/lrss.ch\/en\/","name":"Le R\u00e9seau Sant\u00e9 & Sport","description":"Du Mouvement \u00e0 la Performance","publisher":{"@id":"https:\/\/lrss.ch\/en\/#organization"},"alternateName":"LRSS","potentialAction":[{"@type":"SearchAction","target":{"@type":"EntryPoint","urlTemplate":"https:\/\/lrss.ch\/en\/?s={search_term_string}"},"query-input":{"@type":"PropertyValueSpecification","valueRequired":true,"valueName":"search_term_string"}}],"inLanguage":"en-US"},{"@type":"Organization","@id":"https:\/\/lrss.ch\/en\/#organization","name":"Le R\u00e9seau Sant\u00e9 & Sport","alternateName":"LRSS","url":"https:\/\/lrss.ch\/en\/","logo":{"@type":"ImageObject","inLanguage":"en-US","@id":"https:\/\/lrss.ch\/en\/#\/schema\/logo\/image\/","url":"https:\/\/lrss.ch\/wp-content\/uploads\/2022\/10\/Logo_LeReseau_Tagline.svg","contentUrl":"https:\/\/lrss.ch\/wp-content\/uploads\/2022\/10\/Logo_LeReseau_Tagline.svg","width":895,"height":272,"caption":"Le R\u00e9seau Sant\u00e9 & Sport"},"image":{"@id":"https:\/\/lrss.ch\/en\/#\/schema\/logo\/image\/"},"sameAs":["https:\/\/x.com\/RRMESport","https:\/\/www.instagram.com\/lereseau_ch\/"]}]}},"_links":{"self":[{"href":"https:\/\/lrss.ch\/en\/wp-json\/wp\/v2\/pages\/37","targetHints":{"allow":["GET"]}}],"collection":[{"href":"https:\/\/lrss.ch\/en\/wp-json\/wp\/v2\/pages"}],"about":[{"href":"https:\/\/lrss.ch\/en\/wp-json\/wp\/v2\/types\/page"}],"author":[{"embeddable":true,"href":"https:\/\/lrss.ch\/en\/wp-json\/wp\/v2\/users\/1"}],"replies":[{"embeddable":true,"href":"https:\/\/lrss.ch\/en\/wp-json\/wp\/v2\/comments?post=37"}],"version-history":[{"count":2,"href":"https:\/\/lrss.ch\/en\/wp-json\/wp\/v2\/pages\/37\/revisions"}],"predecessor-version":[{"id":988,"href":"https:\/\/lrss.ch\/en\/wp-json\/wp\/v2\/pages\/37\/revisions\/988"}],"wp:featuredmedia":[{"embeddable":true,"href":"https:\/\/lrss.ch\/en\/wp-json\/wp\/v2\/media\/558"}],"wp:attachment":[{"href":"https:\/\/lrss.ch\/en\/wp-json\/wp\/v2\/media?parent=37"}],"curies":[{"name":"wp","href":"https:\/\/api.w.org\/{rel}","templated":true}]}}