{"id":981,"date":"2022-11-03T16:32:55","date_gmt":"2022-11-03T15:32:55","guid":{"rendered":"https:\/\/lrss.ch\/contact\/"},"modified":"2023-04-27T18:21:52","modified_gmt":"2023-04-27T16:21:52","slug":"contact","status":"publish","type":"page","link":"https:\/\/lrss.ch\/en\/contact\/","title":{"rendered":"Contact"},"content":{"rendered":"<div class=\"wpb-content-wrapper\"><p>[vc_row css_animation=&#8221;&#8221; row_type=&#8221;row&#8221; use_row_as_full_screen_section=&#8221;no&#8221; type=&#8221;grid&#8221; angled_section=&#8221;no&#8221; text_align=&#8221;left&#8221; background_image_as_pattern=&#8221;without_pattern&#8221; z_index=&#8221;&#8221;][vc_column][vc_column_text]<\/p>\n<h3 style=\"text-align: center;\">If you have any questions, if you want to give us some information, don&#8217;t hesitate to contact us!<\/h3>\n<p>[\/vc_column_text][vc_empty_space height=&#8221;30px&#8221;][vc_row_inner row_type=&#8221;row&#8221; type=&#8221;full_width&#8221; text_align=&#8221;left&#8221; css_animation=&#8221;&#8221;][vc_column_inner width=&#8221;7\/12&#8243;][vc_empty_space height=&#8221;30px&#8221;]\n<div class=\"wpcf7 no-js\" id=\"wpcf7-f1037-o1\" lang=\"en-US\" dir=\"ltr\" data-wpcf7-id=\"1037\">\n<div class=\"screen-reader-response\"><p role=\"status\" aria-live=\"polite\" aria-atomic=\"true\"><\/p> <ul><\/ul><\/div>\n<form action=\"\/en\/wp-json\/wp\/v2\/pages\/981#wpcf7-f1037-o1\" method=\"post\" class=\"wpcf7-form init cf7_custom_style_1\" aria-label=\"Contact form\" novalidate=\"novalidate\" data-status=\"init\">\n<fieldset class=\"hidden-fields-container\"><input type=\"hidden\" name=\"_wpcf7\" value=\"1037\" \/><input type=\"hidden\" name=\"_wpcf7_version\" value=\"6.1.5\" \/><input type=\"hidden\" name=\"_wpcf7_locale\" value=\"en_US\" \/><input type=\"hidden\" name=\"_wpcf7_unit_tag\" value=\"wpcf7-f1037-o1\" \/><input type=\"hidden\" name=\"_wpcf7_container_post\" value=\"0\" \/><input type=\"hidden\" name=\"_wpcf7_posted_data_hash\" value=\"\" \/>\n<\/fieldset>\n<p><label> Your name<br \/>\n<span class=\"wpcf7-form-control-wrap\" data-name=\"your-name\"><input size=\"40\" maxlength=\"400\" class=\"wpcf7-form-control wpcf7-text wpcf7-validates-as-required\" aria-required=\"true\" aria-invalid=\"false\" value=\"\" type=\"text\" name=\"your-name\" \/><\/span> <\/label>\n<\/p>\n<p><label> Your email<br \/>\n<span class=\"wpcf7-form-control-wrap\" data-name=\"your-email\"><input size=\"40\" maxlength=\"400\" class=\"wpcf7-form-control wpcf7-email wpcf7-validates-as-required wpcf7-text wpcf7-validates-as-email\" aria-required=\"true\" aria-invalid=\"false\" value=\"\" type=\"email\" name=\"your-email\" \/><\/span> <\/label>\n<\/p>\n<p><label> Object<br \/>\n<span class=\"wpcf7-form-control-wrap\" data-name=\"your-subject\"><input size=\"40\" maxlength=\"400\" class=\"wpcf7-form-control wpcf7-text wpcf7-validates-as-required\" aria-required=\"true\" aria-invalid=\"false\" value=\"\" type=\"text\" name=\"your-subject\" \/><\/span> <\/label>\n<\/p>\n<p><label> Your message (optional)<br \/>\n<span class=\"wpcf7-form-control-wrap\" data-name=\"your-message\"><textarea cols=\"40\" rows=\"10\" maxlength=\"2000\" class=\"wpcf7-form-control wpcf7-textarea\" aria-invalid=\"false\" name=\"your-message\"><\/textarea><\/span> <\/label>\n<\/p>\n<p><input class=\"wpcf7-form-control wpcf7-submit has-spinner\" type=\"submit\" value=\"Send\" \/>\n<\/p>\n<div class=\"wpcf7-turnstile cf-turnstile\" data-sitekey=\"0x4AAAAAACX9gB1HmR_nfBLC\" data-response-field-name=\"_wpcf7_turnstile_response\"><\/div><div class=\"wpcf7-response-output\" aria-hidden=\"true\"><\/div>\n<\/form>\n<\/div>\n[vc_empty_space height=&#8221;30px&#8221;][\/vc_column_inner][vc_column_inner width=&#8221;1\/4&#8243; offset=&#8221;vc_col-xs-6&#8243;][vc_empty_space height=&#8221;30px&#8221;][vc_single_image image=&#8221;847&#8243; img_size=&#8221;full&#8221; alignment=&#8221;center&#8221; qode_css_animation=&#8221;&#8221;][vc_empty_space height=&#8221;30px&#8221;][\/vc_column_inner][vc_column_inner width=&#8221;1\/6&#8243; offset=&#8221;vc_col-xs-6&#8243;][vc_empty_space height=&#8221;30px&#8221;][vc_column_text]<strong>Peggy Gavin<\/strong><\/p>\n<p>Secretary of the Health &amp; Sport Network<\/p>\n<p>Online only<\/p>\n<p><a href=\"mailto:secretariat@lrss.ch\" target=\"_blank\" rel=\"noopener\">secretariat@lrss.ch<\/a>[\/vc_column_text][vc_empty_space height=&#8221;30px&#8221;][\/vc_column_inner][\/vc_row_inner][\/vc_column][\/vc_row]<\/p>\n<\/div>","protected":false},"excerpt":{"rendered":"<p>[vc_row css_animation=&#8221;&#8221; row_type=&#8221;row&#8221; use_row_as_full_screen_section=&#8221;no&#8221; type=&#8221;grid&#8221; angled_section=&#8221;no&#8221; text_align=&#8221;left&#8221; background_image_as_pattern=&#8221;without_pattern&#8221; z_index=&#8221;&#8221;][vc_column][vc_column_text] If you have any questions, if you want to give us some information, don&#8217;t hesitate to contact us! [\/vc_column_text][vc_empty_space height=&#8221;30px&#8221;][vc_row_inner row_type=&#8221;row&#8221; type=&#8221;full_width&#8221; text_align=&#8221;left&#8221; css_animation=&#8221;&#8221;][vc_column_inner width=&#8221;7\/12&#8243;][vc_empty_space height=&#8221;30px&#8221;][vc_empty_space height=&#8221;30px&#8221;][\/vc_column_inner][vc_column_inner width=&#8221;1\/4&#8243; offset=&#8221;vc_col-xs-6&#8243;][vc_empty_space height=&#8221;30px&#8221;][vc_single_image image=&#8221;847&#8243; img_size=&#8221;full&#8221; alignment=&#8221;center&#8221; qode_css_animation=&#8221;&#8221;][vc_empty_space height=&#8221;30px&#8221;][\/vc_column_inner][vc_column_inner width=&#8221;1\/6&#8243;&#8230;<\/p>\n","protected":false},"author":1,"featured_media":411,"parent":0,"menu_order":5,"comment_status":"closed","ping_status":"closed","template":"full_width.php","meta":{"_acf_changed":false,"footnotes":""},"class_list":["post-981","page","type-page","status-publish","has-post-thumbnail","hentry"],"acf":[],"yoast_head":"<!-- This site is optimized with the Yoast SEO plugin v27.3 - https:\/\/yoast.com\/product\/yoast-seo-wordpress\/ -->\n<title>Le R\u00e9seau Sant\u00e9 &amp; Sport | Contact<\/title>\n<meta name=\"description\" content=\"We are at your disposal to answer all your questions about our activities. Our social networks are also a way to contact us\" \/>\n<meta name=\"robots\" content=\"index, follow, max-snippet:-1, max-image-preview:large, max-video-preview:-1\" \/>\n<link rel=\"canonical\" href=\"https:\/\/lrss.ch\/en\/contact\/\" \/>\n<meta property=\"og:locale\" content=\"en_US\" \/>\n<meta property=\"og:type\" content=\"article\" \/>\n<meta property=\"og:title\" content=\"Le R\u00e9seau Sant\u00e9 &amp; Sport | Contact\" \/>\n<meta property=\"og:description\" content=\"We are at your disposal to answer all your questions about our activities. Our social networks are also a way to contact us\" \/>\n<meta property=\"og:url\" content=\"https:\/\/lrss.ch\/en\/contact\/\" \/>\n<meta property=\"og:site_name\" content=\"Le R\u00e9seau Sant\u00e9 &amp; Sport\" \/>\n<meta property=\"article:modified_time\" content=\"2023-04-27T16:21:52+00:00\" \/>\n<meta property=\"og:image\" content=\"https:\/\/lrss.ch\/wp-content\/uploads\/2022\/11\/lrss-slogan-1024x576.jpeg\" \/>\n<meta name=\"twitter:card\" content=\"summary_large_image\" \/>\n<meta name=\"twitter:title\" content=\"Le R\u00e9seau Sant\u00e9 &amp; Sport | Contact\" \/>\n<meta name=\"twitter:description\" content=\"We are at your disposal to answer all your questions about our activities. Our social networks are also a way to contact us\" \/>\n<meta name=\"twitter:image\" content=\"https:\/\/lrss.ch\/wp-content\/uploads\/2022\/11\/lrss-slogan-1024x576.jpeg\" \/>\n<meta name=\"twitter:site\" content=\"@RRMESport\" \/>\n<meta name=\"twitter:label1\" content=\"Est. reading time\" \/>\n\t<meta name=\"twitter:data1\" content=\"1 minute\" \/>\n<script type=\"application\/ld+json\" class=\"yoast-schema-graph\">{\"@context\":\"https:\\\/\\\/schema.org\",\"@graph\":[{\"@type\":\"WebPage\",\"@id\":\"https:\\\/\\\/lrss.ch\\\/en\\\/contact\\\/\",\"url\":\"https:\\\/\\\/lrss.ch\\\/en\\\/contact\\\/\",\"name\":\"Le R\u00e9seau Sant\u00e9 &amp; Sport | Contact\",\"isPartOf\":{\"@id\":\"https:\\\/\\\/lrss.ch\\\/en\\\/#website\"},\"primaryImageOfPage\":{\"@id\":\"https:\\\/\\\/lrss.ch\\\/en\\\/contact\\\/#primaryimage\"},\"image\":{\"@id\":\"https:\\\/\\\/lrss.ch\\\/en\\\/contact\\\/#primaryimage\"},\"thumbnailUrl\":\"https:\\\/\\\/lrss.ch\\\/wp-content\\\/uploads\\\/2022\\\/11\\\/lrss-slogan.jpeg\",\"datePublished\":\"2022-11-03T15:32:55+00:00\",\"dateModified\":\"2023-04-27T16:21:52+00:00\",\"description\":\"We are at your disposal to answer all your questions about our activities. Our social networks are also a way to contact us\",\"breadcrumb\":{\"@id\":\"https:\\\/\\\/lrss.ch\\\/en\\\/contact\\\/#breadcrumb\"},\"inLanguage\":\"en-US\",\"potentialAction\":[{\"@type\":\"ReadAction\",\"target\":[\"https:\\\/\\\/lrss.ch\\\/en\\\/contact\\\/\"]}]},{\"@type\":\"ImageObject\",\"inLanguage\":\"en-US\",\"@id\":\"https:\\\/\\\/lrss.ch\\\/en\\\/contact\\\/#primaryimage\",\"url\":\"https:\\\/\\\/lrss.ch\\\/wp-content\\\/uploads\\\/2022\\\/11\\\/lrss-slogan.jpeg\",\"contentUrl\":\"https:\\\/\\\/lrss.ch\\\/wp-content\\\/uploads\\\/2022\\\/11\\\/lrss-slogan.jpeg\",\"width\":1802,\"height\":1014},{\"@type\":\"BreadcrumbList\",\"@id\":\"https:\\\/\\\/lrss.ch\\\/en\\\/contact\\\/#breadcrumb\",\"itemListElement\":[{\"@type\":\"ListItem\",\"position\":1,\"name\":\"Accueil\",\"item\":\"https:\\\/\\\/lrss.ch\\\/en\\\/the-health-and-sport-network\\\/\"},{\"@type\":\"ListItem\",\"position\":2,\"name\":\"Contact\"}]},{\"@type\":\"WebSite\",\"@id\":\"https:\\\/\\\/lrss.ch\\\/en\\\/#website\",\"url\":\"https:\\\/\\\/lrss.ch\\\/en\\\/\",\"name\":\"Le R\u00e9seau Sant\u00e9 & Sport\",\"description\":\"Du Mouvement \u00e0 la Performance\",\"publisher\":{\"@id\":\"https:\\\/\\\/lrss.ch\\\/en\\\/#organization\"},\"alternateName\":\"LRSS\",\"potentialAction\":[{\"@type\":\"SearchAction\",\"target\":{\"@type\":\"EntryPoint\",\"urlTemplate\":\"https:\\\/\\\/lrss.ch\\\/en\\\/?s={search_term_string}\"},\"query-input\":{\"@type\":\"PropertyValueSpecification\",\"valueRequired\":true,\"valueName\":\"search_term_string\"}}],\"inLanguage\":\"en-US\"},{\"@type\":\"Organization\",\"@id\":\"https:\\\/\\\/lrss.ch\\\/en\\\/#organization\",\"name\":\"Le R\u00e9seau Sant\u00e9 & Sport\",\"alternateName\":\"LRSS\",\"url\":\"https:\\\/\\\/lrss.ch\\\/en\\\/\",\"logo\":{\"@type\":\"ImageObject\",\"inLanguage\":\"en-US\",\"@id\":\"https:\\\/\\\/lrss.ch\\\/en\\\/#\\\/schema\\\/logo\\\/image\\\/\",\"url\":\"https:\\\/\\\/lrss.ch\\\/wp-content\\\/uploads\\\/2022\\\/10\\\/Logo_LeReseau_Tagline.svg\",\"contentUrl\":\"https:\\\/\\\/lrss.ch\\\/wp-content\\\/uploads\\\/2022\\\/10\\\/Logo_LeReseau_Tagline.svg\",\"width\":895,\"height\":272,\"caption\":\"Le R\u00e9seau Sant\u00e9 & Sport\"},\"image\":{\"@id\":\"https:\\\/\\\/lrss.ch\\\/en\\\/#\\\/schema\\\/logo\\\/image\\\/\"},\"sameAs\":[\"https:\\\/\\\/x.com\\\/RRMESport\",\"https:\\\/\\\/www.instagram.com\\\/lereseau_ch\\\/\"]}]}<\/script>\n<!-- \/ Yoast SEO plugin. -->","yoast_head_json":{"title":"Le R\u00e9seau Sant\u00e9 &amp; Sport | Contact","description":"We are at your disposal to answer all your questions about our activities. Our social networks are also a way to contact us","robots":{"index":"index","follow":"follow","max-snippet":"max-snippet:-1","max-image-preview":"max-image-preview:large","max-video-preview":"max-video-preview:-1"},"canonical":"https:\/\/lrss.ch\/en\/contact\/","og_locale":"en_US","og_type":"article","og_title":"Le R\u00e9seau Sant\u00e9 &amp; Sport | Contact","og_description":"We are at your disposal to answer all your questions about our activities. Our social networks are also a way to contact us","og_url":"https:\/\/lrss.ch\/en\/contact\/","og_site_name":"Le R\u00e9seau Sant\u00e9 &amp; Sport","article_modified_time":"2023-04-27T16:21:52+00:00","og_image":[{"url":"https:\/\/lrss.ch\/wp-content\/uploads\/2022\/11\/lrss-slogan-1024x576.jpeg","type":"","width":"","height":""}],"twitter_card":"summary_large_image","twitter_title":"Le R\u00e9seau Sant\u00e9 &amp; Sport | Contact","twitter_description":"We are at your disposal to answer all your questions about our activities. Our social networks are also a way to contact us","twitter_image":"https:\/\/lrss.ch\/wp-content\/uploads\/2022\/11\/lrss-slogan-1024x576.jpeg","twitter_site":"@RRMESport","twitter_misc":{"Est. reading time":"1 minute"},"schema":{"@context":"https:\/\/schema.org","@graph":[{"@type":"WebPage","@id":"https:\/\/lrss.ch\/en\/contact\/","url":"https:\/\/lrss.ch\/en\/contact\/","name":"Le R\u00e9seau Sant\u00e9 &amp; Sport | Contact","isPartOf":{"@id":"https:\/\/lrss.ch\/en\/#website"},"primaryImageOfPage":{"@id":"https:\/\/lrss.ch\/en\/contact\/#primaryimage"},"image":{"@id":"https:\/\/lrss.ch\/en\/contact\/#primaryimage"},"thumbnailUrl":"https:\/\/lrss.ch\/wp-content\/uploads\/2022\/11\/lrss-slogan.jpeg","datePublished":"2022-11-03T15:32:55+00:00","dateModified":"2023-04-27T16:21:52+00:00","description":"We are at your disposal to answer all your questions about our activities. Our social networks are also a way to contact us","breadcrumb":{"@id":"https:\/\/lrss.ch\/en\/contact\/#breadcrumb"},"inLanguage":"en-US","potentialAction":[{"@type":"ReadAction","target":["https:\/\/lrss.ch\/en\/contact\/"]}]},{"@type":"ImageObject","inLanguage":"en-US","@id":"https:\/\/lrss.ch\/en\/contact\/#primaryimage","url":"https:\/\/lrss.ch\/wp-content\/uploads\/2022\/11\/lrss-slogan.jpeg","contentUrl":"https:\/\/lrss.ch\/wp-content\/uploads\/2022\/11\/lrss-slogan.jpeg","width":1802,"height":1014},{"@type":"BreadcrumbList","@id":"https:\/\/lrss.ch\/en\/contact\/#breadcrumb","itemListElement":[{"@type":"ListItem","position":1,"name":"Accueil","item":"https:\/\/lrss.ch\/en\/the-health-and-sport-network\/"},{"@type":"ListItem","position":2,"name":"Contact"}]},{"@type":"WebSite","@id":"https:\/\/lrss.ch\/en\/#website","url":"https:\/\/lrss.ch\/en\/","name":"Le R\u00e9seau Sant\u00e9 & Sport","description":"Du Mouvement \u00e0 la Performance","publisher":{"@id":"https:\/\/lrss.ch\/en\/#organization"},"alternateName":"LRSS","potentialAction":[{"@type":"SearchAction","target":{"@type":"EntryPoint","urlTemplate":"https:\/\/lrss.ch\/en\/?s={search_term_string}"},"query-input":{"@type":"PropertyValueSpecification","valueRequired":true,"valueName":"search_term_string"}}],"inLanguage":"en-US"},{"@type":"Organization","@id":"https:\/\/lrss.ch\/en\/#organization","name":"Le R\u00e9seau Sant\u00e9 & Sport","alternateName":"LRSS","url":"https:\/\/lrss.ch\/en\/","logo":{"@type":"ImageObject","inLanguage":"en-US","@id":"https:\/\/lrss.ch\/en\/#\/schema\/logo\/image\/","url":"https:\/\/lrss.ch\/wp-content\/uploads\/2022\/10\/Logo_LeReseau_Tagline.svg","contentUrl":"https:\/\/lrss.ch\/wp-content\/uploads\/2022\/10\/Logo_LeReseau_Tagline.svg","width":895,"height":272,"caption":"Le R\u00e9seau Sant\u00e9 & Sport"},"image":{"@id":"https:\/\/lrss.ch\/en\/#\/schema\/logo\/image\/"},"sameAs":["https:\/\/x.com\/RRMESport","https:\/\/www.instagram.com\/lereseau_ch\/"]}]}},"_links":{"self":[{"href":"https:\/\/lrss.ch\/en\/wp-json\/wp\/v2\/pages\/981","targetHints":{"allow":["GET"]}}],"collection":[{"href":"https:\/\/lrss.ch\/en\/wp-json\/wp\/v2\/pages"}],"about":[{"href":"https:\/\/lrss.ch\/en\/wp-json\/wp\/v2\/types\/page"}],"author":[{"embeddable":true,"href":"https:\/\/lrss.ch\/en\/wp-json\/wp\/v2\/users\/1"}],"replies":[{"embeddable":true,"href":"https:\/\/lrss.ch\/en\/wp-json\/wp\/v2\/comments?post=981"}],"version-history":[{"count":12,"href":"https:\/\/lrss.ch\/en\/wp-json\/wp\/v2\/pages\/981\/revisions"}],"predecessor-version":[{"id":1502,"href":"https:\/\/lrss.ch\/en\/wp-json\/wp\/v2\/pages\/981\/revisions\/1502"}],"wp:featuredmedia":[{"embeddable":true,"href":"https:\/\/lrss.ch\/en\/wp-json\/wp\/v2\/media\/411"}],"wp:attachment":[{"href":"https:\/\/lrss.ch\/en\/wp-json\/wp\/v2\/media?parent=981"}],"curies":[{"name":"wp","href":"https:\/\/api.w.org\/{rel}","templated":true}]}}