{"id":6417,"date":"2024-05-22T14:59:00","date_gmt":"2024-05-22T12:59:00","guid":{"rendered":"https:\/\/lrss.ch\/produit\/webcast-clinical-pearls-2-with-amy-arundale\/"},"modified":"2024-05-22T14:59:00","modified_gmt":"2024-05-22T12:59:00","slug":"webcast-clinical-pearls-2-with-amy-arundale","status":"publish","type":"product","link":"https:\/\/lrss.ch\/en\/produit\/webcast-clinical-pearls-2-with-amy-arundale\/","title":{"rendered":"Webcast &#8211; Clinical Pearls #2 with Amy Arundale"},"content":{"rendered":"<p>Registration for the webcast with Amy Arundale on the rehabilitation of athletes in extreme sports<\/p>\n<p>Free for all &#8211; replay only for Network members<\/p>\n","protected":false},"excerpt":{"rendered":"<p>Registration for the webcast with Amy Arundale on the rehabilitation of athletes in extreme sports Free for all &#8211; replay only for Network members<\/p>\n","protected":false},"featured_media":3454,"template":"","meta":{"_acf_changed":false},"product_brand":[],"product_cat":[38],"product_tag":[],"class_list":{"0":"post-6417","1":"product","2":"type-product","3":"status-publish","4":"has-post-thumbnail","6":"product_cat-event","8":"first","9":"instock","10":"virtual","11":"purchasable","12":"product-type-simple"},"exclude_global_add_ons":[],"addons":[],"acf":[],"yoast_head":"<!-- This site is optimized with the Yoast SEO plugin v27.3 - https:\/\/yoast.com\/product\/yoast-seo-wordpress\/ -->\n<title>Webcast - Clinical Pearls #2 with Amy Arundale | Le R\u00e9seau Sant\u00e9 &amp; Sport<\/title>\n<meta name=\"robots\" content=\"index, follow, max-snippet:-1, max-image-preview:large, max-video-preview:-1\" \/>\n<link rel=\"canonical\" href=\"https:\/\/lrss.ch\/en\/produit\/webcast-clinical-pearls-2-with-amy-arundale\/\" \/>\n<meta property=\"og:locale\" content=\"en_US\" \/>\n<meta property=\"og:type\" content=\"article\" \/>\n<meta property=\"og:title\" content=\"Webcast - Clinical Pearls #2 with Amy Arundale | Le R\u00e9seau Sant\u00e9 &amp; Sport\" \/>\n<meta property=\"og:description\" content=\"Registration for the webcast with Amy Arundale on the rehabilitation of athletes in extreme sports Free for all &#8211; replay only for Network members\" \/>\n<meta property=\"og:url\" content=\"https:\/\/lrss.ch\/en\/produit\/webcast-clinical-pearls-2-with-amy-arundale\/\" \/>\n<meta property=\"og:site_name\" content=\"Le R\u00e9seau Sant\u00e9 &amp; Sport\" \/>\n<meta property=\"og:image\" content=\"https:\/\/lrss.ch\/wp-content\/uploads\/2024\/05\/WebcastClinicPearls2_Amy-Arundale_20240702_page-0001-scaled.jpg\" \/>\n\t<meta property=\"og:image:width\" content=\"2560\" \/>\n\t<meta property=\"og:image:height\" content=\"1439\" \/>\n\t<meta property=\"og:image:type\" content=\"image\/jpeg\" \/>\n<meta name=\"twitter:card\" content=\"summary_large_image\" \/>\n<meta name=\"twitter:site\" content=\"@RRMESport\" \/>\n<script type=\"application\/ld+json\" class=\"yoast-schema-graph\">{\"@context\":\"https:\\\/\\\/schema.org\",\"@graph\":[{\"@type\":\"WebPage\",\"@id\":\"https:\\\/\\\/lrss.ch\\\/en\\\/produit\\\/webcast-clinical-pearls-2-with-amy-arundale\\\/\",\"url\":\"https:\\\/\\\/lrss.ch\\\/en\\\/produit\\\/webcast-clinical-pearls-2-with-amy-arundale\\\/\",\"name\":\"Webcast - Clinical Pearls #2 with Amy Arundale | Le R\u00e9seau Sant\u00e9 &amp; Sport\",\"isPartOf\":{\"@id\":\"https:\\\/\\\/lrss.ch\\\/en\\\/#website\"},\"primaryImageOfPage\":{\"@id\":\"https:\\\/\\\/lrss.ch\\\/en\\\/produit\\\/webcast-clinical-pearls-2-with-amy-arundale\\\/#primaryimage\"},\"image\":{\"@id\":\"https:\\\/\\\/lrss.ch\\\/en\\\/produit\\\/webcast-clinical-pearls-2-with-amy-arundale\\\/#primaryimage\"},\"thumbnailUrl\":\"https:\\\/\\\/lrss.ch\\\/wp-content\\\/uploads\\\/2024\\\/05\\\/WebcastClinicPearls2_Amy-Arundale_20240702_page-0001-scaled.jpg\",\"datePublished\":\"2024-05-22T12:59:00+00:00\",\"breadcrumb\":{\"@id\":\"https:\\\/\\\/lrss.ch\\\/en\\\/produit\\\/webcast-clinical-pearls-2-with-amy-arundale\\\/#breadcrumb\"},\"inLanguage\":\"en-US\",\"potentialAction\":[{\"@type\":\"ReadAction\",\"target\":[\"https:\\\/\\\/lrss.ch\\\/en\\\/produit\\\/webcast-clinical-pearls-2-with-amy-arundale\\\/\"]}]},{\"@type\":\"ImageObject\",\"inLanguage\":\"en-US\",\"@id\":\"https:\\\/\\\/lrss.ch\\\/en\\\/produit\\\/webcast-clinical-pearls-2-with-amy-arundale\\\/#primaryimage\",\"url\":\"https:\\\/\\\/lrss.ch\\\/wp-content\\\/uploads\\\/2024\\\/05\\\/WebcastClinicPearls2_Amy-Arundale_20240702_page-0001-scaled.jpg\",\"contentUrl\":\"https:\\\/\\\/lrss.ch\\\/wp-content\\\/uploads\\\/2024\\\/05\\\/WebcastClinicPearls2_Amy-Arundale_20240702_page-0001-scaled.jpg\",\"width\":2560,\"height\":1439},{\"@type\":\"BreadcrumbList\",\"@id\":\"https:\\\/\\\/lrss.ch\\\/en\\\/produit\\\/webcast-clinical-pearls-2-with-amy-arundale\\\/#breadcrumb\",\"itemListElement\":[{\"@type\":\"ListItem\",\"position\":1,\"name\":\"Accueil\",\"item\":\"https:\\\/\\\/lrss.ch\\\/en\\\/the-health-and-sport-network\\\/\"},{\"@type\":\"ListItem\",\"position\":2,\"name\":\"Store\",\"item\":\"https:\\\/\\\/lrss.ch\\\/en\\\/shop\\\/\"},{\"@type\":\"ListItem\",\"position\":3,\"name\":\"Webcast &#8211; Clinical Pearls #2 with Amy Arundale\"}]},{\"@type\":\"WebSite\",\"@id\":\"https:\\\/\\\/lrss.ch\\\/en\\\/#website\",\"url\":\"https:\\\/\\\/lrss.ch\\\/en\\\/\",\"name\":\"Le R\u00e9seau Sant\u00e9 & Sport\",\"description\":\"Du Mouvement \u00e0 la Performance\",\"publisher\":{\"@id\":\"https:\\\/\\\/lrss.ch\\\/en\\\/#organization\"},\"alternateName\":\"LRSS\",\"potentialAction\":[{\"@type\":\"SearchAction\",\"target\":{\"@type\":\"EntryPoint\",\"urlTemplate\":\"https:\\\/\\\/lrss.ch\\\/en\\\/?s={search_term_string}\"},\"query-input\":{\"@type\":\"PropertyValueSpecification\",\"valueRequired\":true,\"valueName\":\"search_term_string\"}}],\"inLanguage\":\"en-US\"},{\"@type\":\"Organization\",\"@id\":\"https:\\\/\\\/lrss.ch\\\/en\\\/#organization\",\"name\":\"Le R\u00e9seau Sant\u00e9 & Sport\",\"alternateName\":\"LRSS\",\"url\":\"https:\\\/\\\/lrss.ch\\\/en\\\/\",\"logo\":{\"@type\":\"ImageObject\",\"inLanguage\":\"en-US\",\"@id\":\"https:\\\/\\\/lrss.ch\\\/en\\\/#\\\/schema\\\/logo\\\/image\\\/\",\"url\":\"https:\\\/\\\/lrss.ch\\\/wp-content\\\/uploads\\\/2022\\\/10\\\/Logo_LeReseau_Tagline.svg\",\"contentUrl\":\"https:\\\/\\\/lrss.ch\\\/wp-content\\\/uploads\\\/2022\\\/10\\\/Logo_LeReseau_Tagline.svg\",\"width\":895,\"height\":272,\"caption\":\"Le R\u00e9seau Sant\u00e9 & Sport\"},\"image\":{\"@id\":\"https:\\\/\\\/lrss.ch\\\/en\\\/#\\\/schema\\\/logo\\\/image\\\/\"},\"sameAs\":[\"https:\\\/\\\/x.com\\\/RRMESport\",\"https:\\\/\\\/www.instagram.com\\\/lereseau_ch\\\/\"]}]}<\/script>\n<!-- \/ Yoast SEO plugin. -->","yoast_head_json":{"title":"Webcast - Clinical Pearls #2 with Amy Arundale | Le R\u00e9seau Sant\u00e9 &amp; Sport","robots":{"index":"index","follow":"follow","max-snippet":"max-snippet:-1","max-image-preview":"max-image-preview:large","max-video-preview":"max-video-preview:-1"},"canonical":"https:\/\/lrss.ch\/en\/produit\/webcast-clinical-pearls-2-with-amy-arundale\/","og_locale":"en_US","og_type":"article","og_title":"Webcast - Clinical Pearls #2 with Amy Arundale | Le R\u00e9seau Sant\u00e9 &amp; Sport","og_description":"Registration for the webcast with Amy Arundale on the rehabilitation of athletes in extreme sports Free for all &#8211; replay only for Network members","og_url":"https:\/\/lrss.ch\/en\/produit\/webcast-clinical-pearls-2-with-amy-arundale\/","og_site_name":"Le R\u00e9seau Sant\u00e9 &amp; Sport","og_image":[{"width":2560,"height":1439,"url":"https:\/\/lrss.ch\/wp-content\/uploads\/2024\/05\/WebcastClinicPearls2_Amy-Arundale_20240702_page-0001-scaled.jpg","type":"image\/jpeg"}],"twitter_card":"summary_large_image","twitter_site":"@RRMESport","schema":{"@context":"https:\/\/schema.org","@graph":[{"@type":"WebPage","@id":"https:\/\/lrss.ch\/en\/produit\/webcast-clinical-pearls-2-with-amy-arundale\/","url":"https:\/\/lrss.ch\/en\/produit\/webcast-clinical-pearls-2-with-amy-arundale\/","name":"Webcast - Clinical Pearls #2 with Amy Arundale | Le R\u00e9seau Sant\u00e9 &amp; Sport","isPartOf":{"@id":"https:\/\/lrss.ch\/en\/#website"},"primaryImageOfPage":{"@id":"https:\/\/lrss.ch\/en\/produit\/webcast-clinical-pearls-2-with-amy-arundale\/#primaryimage"},"image":{"@id":"https:\/\/lrss.ch\/en\/produit\/webcast-clinical-pearls-2-with-amy-arundale\/#primaryimage"},"thumbnailUrl":"https:\/\/lrss.ch\/wp-content\/uploads\/2024\/05\/WebcastClinicPearls2_Amy-Arundale_20240702_page-0001-scaled.jpg","datePublished":"2024-05-22T12:59:00+00:00","breadcrumb":{"@id":"https:\/\/lrss.ch\/en\/produit\/webcast-clinical-pearls-2-with-amy-arundale\/#breadcrumb"},"inLanguage":"en-US","potentialAction":[{"@type":"ReadAction","target":["https:\/\/lrss.ch\/en\/produit\/webcast-clinical-pearls-2-with-amy-arundale\/"]}]},{"@type":"ImageObject","inLanguage":"en-US","@id":"https:\/\/lrss.ch\/en\/produit\/webcast-clinical-pearls-2-with-amy-arundale\/#primaryimage","url":"https:\/\/lrss.ch\/wp-content\/uploads\/2024\/05\/WebcastClinicPearls2_Amy-Arundale_20240702_page-0001-scaled.jpg","contentUrl":"https:\/\/lrss.ch\/wp-content\/uploads\/2024\/05\/WebcastClinicPearls2_Amy-Arundale_20240702_page-0001-scaled.jpg","width":2560,"height":1439},{"@type":"BreadcrumbList","@id":"https:\/\/lrss.ch\/en\/produit\/webcast-clinical-pearls-2-with-amy-arundale\/#breadcrumb","itemListElement":[{"@type":"ListItem","position":1,"name":"Accueil","item":"https:\/\/lrss.ch\/en\/the-health-and-sport-network\/"},{"@type":"ListItem","position":2,"name":"Store","item":"https:\/\/lrss.ch\/en\/shop\/"},{"@type":"ListItem","position":3,"name":"Webcast &#8211; Clinical Pearls #2 with Amy Arundale"}]},{"@type":"WebSite","@id":"https:\/\/lrss.ch\/en\/#website","url":"https:\/\/lrss.ch\/en\/","name":"Le R\u00e9seau Sant\u00e9 & Sport","description":"Du Mouvement \u00e0 la Performance","publisher":{"@id":"https:\/\/lrss.ch\/en\/#organization"},"alternateName":"LRSS","potentialAction":[{"@type":"SearchAction","target":{"@type":"EntryPoint","urlTemplate":"https:\/\/lrss.ch\/en\/?s={search_term_string}"},"query-input":{"@type":"PropertyValueSpecification","valueRequired":true,"valueName":"search_term_string"}}],"inLanguage":"en-US"},{"@type":"Organization","@id":"https:\/\/lrss.ch\/en\/#organization","name":"Le R\u00e9seau Sant\u00e9 & Sport","alternateName":"LRSS","url":"https:\/\/lrss.ch\/en\/","logo":{"@type":"ImageObject","inLanguage":"en-US","@id":"https:\/\/lrss.ch\/en\/#\/schema\/logo\/image\/","url":"https:\/\/lrss.ch\/wp-content\/uploads\/2022\/10\/Logo_LeReseau_Tagline.svg","contentUrl":"https:\/\/lrss.ch\/wp-content\/uploads\/2022\/10\/Logo_LeReseau_Tagline.svg","width":895,"height":272,"caption":"Le R\u00e9seau Sant\u00e9 & Sport"},"image":{"@id":"https:\/\/lrss.ch\/en\/#\/schema\/logo\/image\/"},"sameAs":["https:\/\/x.com\/RRMESport","https:\/\/www.instagram.com\/lereseau_ch\/"]}]}},"_links":{"self":[{"href":"https:\/\/lrss.ch\/en\/wp-json\/wp\/v2\/product\/6417","targetHints":{"allow":["GET"]}}],"collection":[{"href":"https:\/\/lrss.ch\/en\/wp-json\/wp\/v2\/product"}],"about":[{"href":"https:\/\/lrss.ch\/en\/wp-json\/wp\/v2\/types\/product"}],"wp:featuredmedia":[{"embeddable":true,"href":"https:\/\/lrss.ch\/en\/wp-json\/wp\/v2\/media\/3454"}],"wp:attachment":[{"href":"https:\/\/lrss.ch\/en\/wp-json\/wp\/v2\/media?parent=6417"}],"wp:term":[{"taxonomy":"product_brand","embeddable":true,"href":"https:\/\/lrss.ch\/en\/wp-json\/wp\/v2\/product_brand?post=6417"},{"taxonomy":"product_cat","embeddable":true,"href":"https:\/\/lrss.ch\/en\/wp-json\/wp\/v2\/product_cat?post=6417"},{"taxonomy":"product_tag","embeddable":true,"href":"https:\/\/lrss.ch\/en\/wp-json\/wp\/v2\/product_tag?post=6417"}],"curies":[{"name":"wp","href":"https:\/\/api.w.org\/{rel}","templated":true}]}}