{"id":6421,"date":"2023-07-17T14:00:39","date_gmt":"2023-07-17T12:00:39","guid":{"rendered":"https:\/\/lrss.ch\/produit\/core-du-sportif-overnight-stay-in-double-room-saturday-activity\/"},"modified":"2023-07-17T14:00:39","modified_gmt":"2023-07-17T12:00:39","slug":"core-du-sportif-overnight-stay-in-double-room-saturday-activity","status":"publish","type":"product","link":"https:\/\/lrss.ch\/en\/produit\/core-du-sportif-overnight-stay-in-double-room-saturday-activity\/","title":{"rendered":"Core du sportif &#8211; Overnight stay in double room + Saturday activity"},"content":{"rendered":"<p><strong>Add one night&#8217;s accommodation in a double room (including the Saturday activity) to your basket in addition to formula 1 or 2.<\/strong><\/p>\n","protected":false},"excerpt":{"rendered":"<p>Add one night&#8217;s accommodation in a double room (including the Saturday activity) to your basket in addition to formula 1 or 2.<\/p>\n","protected":false},"featured_media":0,"template":"","meta":{"_acf_changed":false},"product_brand":[],"product_cat":[45],"product_tag":[],"class_list":{"0":"post-6421","1":"product","2":"type-product","3":"status-publish","5":"product_cat-unclassified","7":"first","8":"outofstock","9":"virtual","10":"purchasable","11":"product-type-simple"},"exclude_global_add_ons":[],"addons":[],"acf":[],"yoast_head":"<!-- This site is optimized with the Yoast SEO plugin v27.4 - https:\/\/yoast.com\/product\/yoast-seo-wordpress\/ -->\n<title>Core du sportif - Overnight stay in double room + Saturday activity | Le R\u00e9seau Sant\u00e9 &amp; Sport<\/title>\n<meta name=\"robots\" content=\"index, follow, max-snippet:-1, max-image-preview:large, max-video-preview:-1\" \/>\n<link rel=\"canonical\" href=\"https:\/\/lrss.ch\/en\/produit\/core-du-sportif-overnight-stay-in-double-room-saturday-activity\/\" \/>\n<meta property=\"og:locale\" content=\"en_US\" \/>\n<meta property=\"og:type\" content=\"article\" \/>\n<meta property=\"og:title\" content=\"Core du sportif - Overnight stay in double room + Saturday activity | Le R\u00e9seau Sant\u00e9 &amp; Sport\" \/>\n<meta property=\"og:description\" content=\"Add one night&#8217;s accommodation in a double room (including the Saturday activity) to your basket in addition to formula 1 or 2.\" \/>\n<meta property=\"og:url\" content=\"https:\/\/lrss.ch\/en\/produit\/core-du-sportif-overnight-stay-in-double-room-saturday-activity\/\" \/>\n<meta property=\"og:site_name\" content=\"Le R\u00e9seau Sant\u00e9 &amp; Sport\" \/>\n<meta property=\"og:image\" content=\"https:\/\/lrss.ch\/wp-content\/uploads\/2022\/11\/lrss-slogan.jpeg\" \/>\n\t<meta property=\"og:image:width\" content=\"1802\" \/>\n\t<meta property=\"og:image:height\" content=\"1014\" \/>\n\t<meta property=\"og:image:type\" content=\"image\/jpeg\" \/>\n<meta name=\"twitter:card\" content=\"summary_large_image\" \/>\n<meta name=\"twitter:site\" content=\"@RRMESport\" \/>\n<script type=\"application\/ld+json\" class=\"yoast-schema-graph\">{\"@context\":\"https:\\\/\\\/schema.org\",\"@graph\":[{\"@type\":\"WebPage\",\"@id\":\"https:\\\/\\\/lrss.ch\\\/en\\\/produit\\\/core-du-sportif-overnight-stay-in-double-room-saturday-activity\\\/\",\"url\":\"https:\\\/\\\/lrss.ch\\\/en\\\/produit\\\/core-du-sportif-overnight-stay-in-double-room-saturday-activity\\\/\",\"name\":\"Core du sportif - Overnight stay in double room + Saturday activity | Le R\u00e9seau Sant\u00e9 &amp; Sport\",\"isPartOf\":{\"@id\":\"https:\\\/\\\/lrss.ch\\\/en\\\/#website\"},\"datePublished\":\"2023-07-17T12:00:39+00:00\",\"breadcrumb\":{\"@id\":\"https:\\\/\\\/lrss.ch\\\/en\\\/produit\\\/core-du-sportif-overnight-stay-in-double-room-saturday-activity\\\/#breadcrumb\"},\"inLanguage\":\"en-US\",\"potentialAction\":[{\"@type\":\"ReadAction\",\"target\":[\"https:\\\/\\\/lrss.ch\\\/en\\\/produit\\\/core-du-sportif-overnight-stay-in-double-room-saturday-activity\\\/\"]}]},{\"@type\":\"BreadcrumbList\",\"@id\":\"https:\\\/\\\/lrss.ch\\\/en\\\/produit\\\/core-du-sportif-overnight-stay-in-double-room-saturday-activity\\\/#breadcrumb\",\"itemListElement\":[{\"@type\":\"ListItem\",\"position\":1,\"name\":\"Accueil\",\"item\":\"https:\\\/\\\/lrss.ch\\\/en\\\/the-health-and-sport-network\\\/\"},{\"@type\":\"ListItem\",\"position\":2,\"name\":\"Store\",\"item\":\"https:\\\/\\\/lrss.ch\\\/en\\\/shop\\\/\"},{\"@type\":\"ListItem\",\"position\":3,\"name\":\"Core du sportif &#8211; Overnight stay in double room + Saturday activity\"}]},{\"@type\":\"WebSite\",\"@id\":\"https:\\\/\\\/lrss.ch\\\/en\\\/#website\",\"url\":\"https:\\\/\\\/lrss.ch\\\/en\\\/\",\"name\":\"Le R\u00e9seau Sant\u00e9 & Sport\",\"description\":\"Du Mouvement \u00e0 la Performance\",\"publisher\":{\"@id\":\"https:\\\/\\\/lrss.ch\\\/en\\\/#organization\"},\"alternateName\":\"LRSS\",\"potentialAction\":[{\"@type\":\"SearchAction\",\"target\":{\"@type\":\"EntryPoint\",\"urlTemplate\":\"https:\\\/\\\/lrss.ch\\\/en\\\/?s={search_term_string}\"},\"query-input\":{\"@type\":\"PropertyValueSpecification\",\"valueRequired\":true,\"valueName\":\"search_term_string\"}}],\"inLanguage\":\"en-US\"},{\"@type\":\"Organization\",\"@id\":\"https:\\\/\\\/lrss.ch\\\/en\\\/#organization\",\"name\":\"Le R\u00e9seau Sant\u00e9 & Sport\",\"alternateName\":\"LRSS\",\"url\":\"https:\\\/\\\/lrss.ch\\\/en\\\/\",\"logo\":{\"@type\":\"ImageObject\",\"inLanguage\":\"en-US\",\"@id\":\"https:\\\/\\\/lrss.ch\\\/en\\\/#\\\/schema\\\/logo\\\/image\\\/\",\"url\":\"https:\\\/\\\/lrss.ch\\\/wp-content\\\/uploads\\\/2022\\\/10\\\/Logo_LeReseau_Tagline.svg\",\"contentUrl\":\"https:\\\/\\\/lrss.ch\\\/wp-content\\\/uploads\\\/2022\\\/10\\\/Logo_LeReseau_Tagline.svg\",\"width\":895,\"height\":272,\"caption\":\"Le R\u00e9seau Sant\u00e9 & Sport\"},\"image\":{\"@id\":\"https:\\\/\\\/lrss.ch\\\/en\\\/#\\\/schema\\\/logo\\\/image\\\/\"},\"sameAs\":[\"https:\\\/\\\/x.com\\\/RRMESport\",\"https:\\\/\\\/www.instagram.com\\\/lereseau_ch\\\/\"]}]}<\/script>\n<!-- \/ Yoast SEO plugin. -->","yoast_head_json":{"title":"Core du sportif - Overnight stay in double room + Saturday activity | Le R\u00e9seau Sant\u00e9 &amp; Sport","robots":{"index":"index","follow":"follow","max-snippet":"max-snippet:-1","max-image-preview":"max-image-preview:large","max-video-preview":"max-video-preview:-1"},"canonical":"https:\/\/lrss.ch\/en\/produit\/core-du-sportif-overnight-stay-in-double-room-saturday-activity\/","og_locale":"en_US","og_type":"article","og_title":"Core du sportif - Overnight stay in double room + Saturday activity | Le R\u00e9seau Sant\u00e9 &amp; Sport","og_description":"Add one night&#8217;s accommodation in a double room (including the Saturday activity) to your basket in addition to formula 1 or 2.","og_url":"https:\/\/lrss.ch\/en\/produit\/core-du-sportif-overnight-stay-in-double-room-saturday-activity\/","og_site_name":"Le R\u00e9seau Sant\u00e9 &amp; Sport","og_image":[{"width":1802,"height":1014,"url":"https:\/\/lrss.ch\/wp-content\/uploads\/2022\/11\/lrss-slogan.jpeg","type":"image\/jpeg"}],"twitter_card":"summary_large_image","twitter_site":"@RRMESport","schema":{"@context":"https:\/\/schema.org","@graph":[{"@type":"WebPage","@id":"https:\/\/lrss.ch\/en\/produit\/core-du-sportif-overnight-stay-in-double-room-saturday-activity\/","url":"https:\/\/lrss.ch\/en\/produit\/core-du-sportif-overnight-stay-in-double-room-saturday-activity\/","name":"Core du sportif - Overnight stay in double room + Saturday activity | Le R\u00e9seau Sant\u00e9 &amp; Sport","isPartOf":{"@id":"https:\/\/lrss.ch\/en\/#website"},"datePublished":"2023-07-17T12:00:39+00:00","breadcrumb":{"@id":"https:\/\/lrss.ch\/en\/produit\/core-du-sportif-overnight-stay-in-double-room-saturday-activity\/#breadcrumb"},"inLanguage":"en-US","potentialAction":[{"@type":"ReadAction","target":["https:\/\/lrss.ch\/en\/produit\/core-du-sportif-overnight-stay-in-double-room-saturday-activity\/"]}]},{"@type":"BreadcrumbList","@id":"https:\/\/lrss.ch\/en\/produit\/core-du-sportif-overnight-stay-in-double-room-saturday-activity\/#breadcrumb","itemListElement":[{"@type":"ListItem","position":1,"name":"Accueil","item":"https:\/\/lrss.ch\/en\/the-health-and-sport-network\/"},{"@type":"ListItem","position":2,"name":"Store","item":"https:\/\/lrss.ch\/en\/shop\/"},{"@type":"ListItem","position":3,"name":"Core du sportif &#8211; Overnight stay in double room + Saturday activity"}]},{"@type":"WebSite","@id":"https:\/\/lrss.ch\/en\/#website","url":"https:\/\/lrss.ch\/en\/","name":"Le R\u00e9seau Sant\u00e9 & Sport","description":"Du Mouvement \u00e0 la Performance","publisher":{"@id":"https:\/\/lrss.ch\/en\/#organization"},"alternateName":"LRSS","potentialAction":[{"@type":"SearchAction","target":{"@type":"EntryPoint","urlTemplate":"https:\/\/lrss.ch\/en\/?s={search_term_string}"},"query-input":{"@type":"PropertyValueSpecification","valueRequired":true,"valueName":"search_term_string"}}],"inLanguage":"en-US"},{"@type":"Organization","@id":"https:\/\/lrss.ch\/en\/#organization","name":"Le R\u00e9seau Sant\u00e9 & Sport","alternateName":"LRSS","url":"https:\/\/lrss.ch\/en\/","logo":{"@type":"ImageObject","inLanguage":"en-US","@id":"https:\/\/lrss.ch\/en\/#\/schema\/logo\/image\/","url":"https:\/\/lrss.ch\/wp-content\/uploads\/2022\/10\/Logo_LeReseau_Tagline.svg","contentUrl":"https:\/\/lrss.ch\/wp-content\/uploads\/2022\/10\/Logo_LeReseau_Tagline.svg","width":895,"height":272,"caption":"Le R\u00e9seau Sant\u00e9 & Sport"},"image":{"@id":"https:\/\/lrss.ch\/en\/#\/schema\/logo\/image\/"},"sameAs":["https:\/\/x.com\/RRMESport","https:\/\/www.instagram.com\/lereseau_ch\/"]}]}},"_links":{"self":[{"href":"https:\/\/lrss.ch\/en\/wp-json\/wp\/v2\/product\/6421","targetHints":{"allow":["GET"]}}],"collection":[{"href":"https:\/\/lrss.ch\/en\/wp-json\/wp\/v2\/product"}],"about":[{"href":"https:\/\/lrss.ch\/en\/wp-json\/wp\/v2\/types\/product"}],"wp:attachment":[{"href":"https:\/\/lrss.ch\/en\/wp-json\/wp\/v2\/media?parent=6421"}],"wp:term":[{"taxonomy":"product_brand","embeddable":true,"href":"https:\/\/lrss.ch\/en\/wp-json\/wp\/v2\/product_brand?post=6421"},{"taxonomy":"product_cat","embeddable":true,"href":"https:\/\/lrss.ch\/en\/wp-json\/wp\/v2\/product_cat?post=6421"},{"taxonomy":"product_tag","embeddable":true,"href":"https:\/\/lrss.ch\/en\/wp-json\/wp\/v2\/product_tag?post=6421"}],"curies":[{"name":"wp","href":"https:\/\/api.w.org\/{rel}","templated":true}]}}