{"id":6429,"date":"2023-06-06T18:47:45","date_gmt":"2023-06-06T16:47:45","guid":{"rendered":"https:\/\/lrss.ch\/produit\/lets-help-our-patients-practice-regular-physical-activity-on-a-long-term-basis\/"},"modified":"2023-06-06T18:47:45","modified_gmt":"2023-06-06T16:47:45","slug":"lets-help-our-patients-practice-regular-physical-activity-on-a-long-term-basis","status":"publish","type":"product","link":"https:\/\/lrss.ch\/en\/produit\/lets-help-our-patients-practice-regular-physical-activity-on-a-long-term-basis\/","title":{"rendered":"Let&#8217;s help our patients practice regular physical activity on a long-term basis!"},"content":{"rendered":"","protected":false},"excerpt":{"rendered":"","protected":false},"featured_media":0,"template":"","meta":{"_acf_changed":false},"product_brand":[],"product_cat":[38],"product_tag":[],"class_list":{"0":"post-6429","1":"product","2":"type-product","3":"status-publish","5":"product_cat-event","7":"first","8":"instock","9":"downloadable","10":"virtual","11":"purchasable","12":"product-type-simple"},"exclude_global_add_ons":[],"addons":[],"acf":[],"yoast_head":"<!-- This site is optimized with the Yoast SEO plugin v27.3 - https:\/\/yoast.com\/product\/yoast-seo-wordpress\/ -->\n<title>Let&#039;s help our patients practice regular physical activity on a long-term basis! | Le R\u00e9seau Sant\u00e9 &amp; Sport<\/title>\n<meta name=\"robots\" content=\"index, follow, max-snippet:-1, max-image-preview:large, max-video-preview:-1\" \/>\n<link rel=\"canonical\" href=\"https:\/\/lrss.ch\/en\/produit\/lets-help-our-patients-practice-regular-physical-activity-on-a-long-term-basis\/\" \/>\n<meta property=\"og:locale\" content=\"en_US\" \/>\n<meta property=\"og:type\" content=\"article\" \/>\n<meta property=\"og:title\" content=\"Let&#039;s help our patients practice regular physical activity on a long-term basis! | Le R\u00e9seau Sant\u00e9 &amp; Sport\" \/>\n<meta property=\"og:url\" content=\"https:\/\/lrss.ch\/en\/produit\/lets-help-our-patients-practice-regular-physical-activity-on-a-long-term-basis\/\" \/>\n<meta property=\"og:site_name\" content=\"Le R\u00e9seau Sant\u00e9 &amp; Sport\" \/>\n<meta property=\"og:image\" content=\"https:\/\/lrss.ch\/wp-content\/uploads\/2022\/11\/lrss-slogan.jpeg\" \/>\n\t<meta property=\"og:image:width\" content=\"1802\" \/>\n\t<meta property=\"og:image:height\" content=\"1014\" \/>\n\t<meta property=\"og:image:type\" content=\"image\/jpeg\" \/>\n<meta name=\"twitter:card\" content=\"summary_large_image\" \/>\n<meta name=\"twitter:site\" content=\"@RRMESport\" \/>\n<script type=\"application\/ld+json\" class=\"yoast-schema-graph\">{\"@context\":\"https:\\\/\\\/schema.org\",\"@graph\":[{\"@type\":\"WebPage\",\"@id\":\"https:\\\/\\\/lrss.ch\\\/en\\\/produit\\\/lets-help-our-patients-practice-regular-physical-activity-on-a-long-term-basis\\\/\",\"url\":\"https:\\\/\\\/lrss.ch\\\/en\\\/produit\\\/lets-help-our-patients-practice-regular-physical-activity-on-a-long-term-basis\\\/\",\"name\":\"Let's help our patients practice regular physical activity on a long-term basis! | Le R\u00e9seau Sant\u00e9 &amp; Sport\",\"isPartOf\":{\"@id\":\"https:\\\/\\\/lrss.ch\\\/en\\\/#website\"},\"datePublished\":\"2023-06-06T16:47:45+00:00\",\"breadcrumb\":{\"@id\":\"https:\\\/\\\/lrss.ch\\\/en\\\/produit\\\/lets-help-our-patients-practice-regular-physical-activity-on-a-long-term-basis\\\/#breadcrumb\"},\"inLanguage\":\"en-US\",\"potentialAction\":[{\"@type\":\"ReadAction\",\"target\":[\"https:\\\/\\\/lrss.ch\\\/en\\\/produit\\\/lets-help-our-patients-practice-regular-physical-activity-on-a-long-term-basis\\\/\"]}]},{\"@type\":\"BreadcrumbList\",\"@id\":\"https:\\\/\\\/lrss.ch\\\/en\\\/produit\\\/lets-help-our-patients-practice-regular-physical-activity-on-a-long-term-basis\\\/#breadcrumb\",\"itemListElement\":[{\"@type\":\"ListItem\",\"position\":1,\"name\":\"Accueil\",\"item\":\"https:\\\/\\\/lrss.ch\\\/en\\\/the-health-and-sport-network\\\/\"},{\"@type\":\"ListItem\",\"position\":2,\"name\":\"Store\",\"item\":\"https:\\\/\\\/lrss.ch\\\/en\\\/shop\\\/\"},{\"@type\":\"ListItem\",\"position\":3,\"name\":\"Let&#8217;s help our patients practice regular physical activity on a long-term basis!\"}]},{\"@type\":\"WebSite\",\"@id\":\"https:\\\/\\\/lrss.ch\\\/en\\\/#website\",\"url\":\"https:\\\/\\\/lrss.ch\\\/en\\\/\",\"name\":\"Le R\u00e9seau Sant\u00e9 & Sport\",\"description\":\"Du Mouvement \u00e0 la Performance\",\"publisher\":{\"@id\":\"https:\\\/\\\/lrss.ch\\\/en\\\/#organization\"},\"alternateName\":\"LRSS\",\"potentialAction\":[{\"@type\":\"SearchAction\",\"target\":{\"@type\":\"EntryPoint\",\"urlTemplate\":\"https:\\\/\\\/lrss.ch\\\/en\\\/?s={search_term_string}\"},\"query-input\":{\"@type\":\"PropertyValueSpecification\",\"valueRequired\":true,\"valueName\":\"search_term_string\"}}],\"inLanguage\":\"en-US\"},{\"@type\":\"Organization\",\"@id\":\"https:\\\/\\\/lrss.ch\\\/en\\\/#organization\",\"name\":\"Le R\u00e9seau Sant\u00e9 & Sport\",\"alternateName\":\"LRSS\",\"url\":\"https:\\\/\\\/lrss.ch\\\/en\\\/\",\"logo\":{\"@type\":\"ImageObject\",\"inLanguage\":\"en-US\",\"@id\":\"https:\\\/\\\/lrss.ch\\\/en\\\/#\\\/schema\\\/logo\\\/image\\\/\",\"url\":\"https:\\\/\\\/lrss.ch\\\/wp-content\\\/uploads\\\/2022\\\/10\\\/Logo_LeReseau_Tagline.svg\",\"contentUrl\":\"https:\\\/\\\/lrss.ch\\\/wp-content\\\/uploads\\\/2022\\\/10\\\/Logo_LeReseau_Tagline.svg\",\"width\":895,\"height\":272,\"caption\":\"Le R\u00e9seau Sant\u00e9 & Sport\"},\"image\":{\"@id\":\"https:\\\/\\\/lrss.ch\\\/en\\\/#\\\/schema\\\/logo\\\/image\\\/\"},\"sameAs\":[\"https:\\\/\\\/x.com\\\/RRMESport\",\"https:\\\/\\\/www.instagram.com\\\/lereseau_ch\\\/\"]}]}<\/script>\n<!-- \/ Yoast SEO plugin. -->","yoast_head_json":{"title":"Let's help our patients practice regular physical activity on a long-term basis! | Le R\u00e9seau Sant\u00e9 &amp; Sport","robots":{"index":"index","follow":"follow","max-snippet":"max-snippet:-1","max-image-preview":"max-image-preview:large","max-video-preview":"max-video-preview:-1"},"canonical":"https:\/\/lrss.ch\/en\/produit\/lets-help-our-patients-practice-regular-physical-activity-on-a-long-term-basis\/","og_locale":"en_US","og_type":"article","og_title":"Let's help our patients practice regular physical activity on a long-term basis! | Le R\u00e9seau Sant\u00e9 &amp; Sport","og_url":"https:\/\/lrss.ch\/en\/produit\/lets-help-our-patients-practice-regular-physical-activity-on-a-long-term-basis\/","og_site_name":"Le R\u00e9seau Sant\u00e9 &amp; Sport","og_image":[{"width":1802,"height":1014,"url":"https:\/\/lrss.ch\/wp-content\/uploads\/2022\/11\/lrss-slogan.jpeg","type":"image\/jpeg"}],"twitter_card":"summary_large_image","twitter_site":"@RRMESport","schema":{"@context":"https:\/\/schema.org","@graph":[{"@type":"WebPage","@id":"https:\/\/lrss.ch\/en\/produit\/lets-help-our-patients-practice-regular-physical-activity-on-a-long-term-basis\/","url":"https:\/\/lrss.ch\/en\/produit\/lets-help-our-patients-practice-regular-physical-activity-on-a-long-term-basis\/","name":"Let's help our patients practice regular physical activity on a long-term basis! | Le R\u00e9seau Sant\u00e9 &amp; Sport","isPartOf":{"@id":"https:\/\/lrss.ch\/en\/#website"},"datePublished":"2023-06-06T16:47:45+00:00","breadcrumb":{"@id":"https:\/\/lrss.ch\/en\/produit\/lets-help-our-patients-practice-regular-physical-activity-on-a-long-term-basis\/#breadcrumb"},"inLanguage":"en-US","potentialAction":[{"@type":"ReadAction","target":["https:\/\/lrss.ch\/en\/produit\/lets-help-our-patients-practice-regular-physical-activity-on-a-long-term-basis\/"]}]},{"@type":"BreadcrumbList","@id":"https:\/\/lrss.ch\/en\/produit\/lets-help-our-patients-practice-regular-physical-activity-on-a-long-term-basis\/#breadcrumb","itemListElement":[{"@type":"ListItem","position":1,"name":"Accueil","item":"https:\/\/lrss.ch\/en\/the-health-and-sport-network\/"},{"@type":"ListItem","position":2,"name":"Store","item":"https:\/\/lrss.ch\/en\/shop\/"},{"@type":"ListItem","position":3,"name":"Let&#8217;s help our patients practice regular physical activity on a long-term basis!"}]},{"@type":"WebSite","@id":"https:\/\/lrss.ch\/en\/#website","url":"https:\/\/lrss.ch\/en\/","name":"Le R\u00e9seau Sant\u00e9 & Sport","description":"Du Mouvement \u00e0 la Performance","publisher":{"@id":"https:\/\/lrss.ch\/en\/#organization"},"alternateName":"LRSS","potentialAction":[{"@type":"SearchAction","target":{"@type":"EntryPoint","urlTemplate":"https:\/\/lrss.ch\/en\/?s={search_term_string}"},"query-input":{"@type":"PropertyValueSpecification","valueRequired":true,"valueName":"search_term_string"}}],"inLanguage":"en-US"},{"@type":"Organization","@id":"https:\/\/lrss.ch\/en\/#organization","name":"Le R\u00e9seau Sant\u00e9 & Sport","alternateName":"LRSS","url":"https:\/\/lrss.ch\/en\/","logo":{"@type":"ImageObject","inLanguage":"en-US","@id":"https:\/\/lrss.ch\/en\/#\/schema\/logo\/image\/","url":"https:\/\/lrss.ch\/wp-content\/uploads\/2022\/10\/Logo_LeReseau_Tagline.svg","contentUrl":"https:\/\/lrss.ch\/wp-content\/uploads\/2022\/10\/Logo_LeReseau_Tagline.svg","width":895,"height":272,"caption":"Le R\u00e9seau Sant\u00e9 & Sport"},"image":{"@id":"https:\/\/lrss.ch\/en\/#\/schema\/logo\/image\/"},"sameAs":["https:\/\/x.com\/RRMESport","https:\/\/www.instagram.com\/lereseau_ch\/"]}]}},"_links":{"self":[{"href":"https:\/\/lrss.ch\/en\/wp-json\/wp\/v2\/product\/6429","targetHints":{"allow":["GET"]}}],"collection":[{"href":"https:\/\/lrss.ch\/en\/wp-json\/wp\/v2\/product"}],"about":[{"href":"https:\/\/lrss.ch\/en\/wp-json\/wp\/v2\/types\/product"}],"wp:attachment":[{"href":"https:\/\/lrss.ch\/en\/wp-json\/wp\/v2\/media?parent=6429"}],"wp:term":[{"taxonomy":"product_brand","embeddable":true,"href":"https:\/\/lrss.ch\/en\/wp-json\/wp\/v2\/product_brand?post=6429"},{"taxonomy":"product_cat","embeddable":true,"href":"https:\/\/lrss.ch\/en\/wp-json\/wp\/v2\/product_cat?post=6429"},{"taxonomy":"product_tag","embeddable":true,"href":"https:\/\/lrss.ch\/en\/wp-json\/wp\/v2\/product_tag?post=6429"}],"curies":[{"name":"wp","href":"https:\/\/api.w.org\/{rel}","templated":true}]}}